{"id":28,"date":"2021-02-27T09:32:31","date_gmt":"2021-02-27T09:32:31","guid":{"rendered":"http:\/\/drmehmettasdemir.com\/?page_id=28"},"modified":"2024-02-06T20:54:40","modified_gmt":"2024-02-06T20:54:40","slug":"iletisim","status":"publish","type":"page","link":"https:\/\/drmehmettasdemir.com\/en\/iletisim\/","title":{"rendered":"Bana Ula\u015f\u0131n"},"content":{"rendered":"<div class=\"ufbl-form-wrapper ufbl-no-design-template\" style=\"width:100%;\">\r\n    <form method=\"post\" action=\"\" class=\"ufbl-front-form\" data-trp-original-action=\"\">\r\n\t\t\t\t\t\t<input type=\"hidden\" name=\"form_id\" value=\"3\" class=\"form-id\"\/>\r\n\t\t\t\t\t\t\t\t<div class=\"ufbl-form-field-wrap\" >\r\n\t\t\t\t\t\t\t<label>\u0130sim<\/label>\r\n\t\t\t\t\t\t\t<div class=\"ufbl-form-field\">\r\n\t\t\t\t\t\t\t\t<input type=\"text\" name=\"ufbl_field_1\" class=\"ufbl-form-textfield\" data-max-chars=\"\" data-min-chars=\"\" data-error-message=\"\" placeholder=\"\" value=\"\"\/>\r\n\t\t\t\t\t\t\t\t<div class=\"ufbl-error\"  data-error-key=\"ufbl_field_1\"><\/div>\r\n\t\t\t\t\t\t\t<\/div>\r\n\t\t\t\t\t\t<\/div>\r\n\t\t\t\t\t\t\t\t\t\t\t\t<div class=\"ufbl-form-field-wrap\" >\r\n\t\t\t\t\t\t\t<label>Konu<\/label>\r\n\t\t\t\t\t\t\t<div class=\"ufbl-form-field\">\r\n\t\t\t\t\t\t\t\t<input type=\"text\" name=\"ufbl_field_4\" class=\"ufbl-form-textfield\" data-max-chars=\"\" data-min-chars=\"\" data-error-message=\"\" placeholder=\"\" value=\"\"\/>\r\n\t\t\t\t\t\t\t\t<div class=\"ufbl-error\"  data-error-key=\"ufbl_field_4\"><\/div>\r\n\t\t\t\t\t\t\t<\/div>\r\n\t\t\t\t\t\t<\/div>\r\n\t\t\t\t\t\t\t\t\t\t\t\t<div class=\"ufbl-form-field-wrap\" >\r\n\t\t\t\t\t\t\t<label>Eposta<\/label>\r\n\t\t\t\t\t\t\t<div class=\"ufbl-form-field\">\r\n\t\t\t\t\t\t\t\t<input type=\"text\" name=\"ufbl_field_2\" class=\"ufbl-form-textfield\" data-max-chars=\"\" data-min-chars=\"\" data-error-message=\"\" placeholder=\"\" value=\"\"\/>\r\n\t\t\t\t\t\t\t\t<div class=\"ufbl-error\"  data-error-key=\"ufbl_field_2\"><\/div>\r\n\t\t\t\t\t\t\t<\/div>\r\n\t\t\t\t\t\t<\/div>\r\n\t\t\t\t\t\t\t\t\t\t\t\t<div class=\"ufbl-form-field-wrap message-class\" >\r\n\t\t\t\t\t\t\t<label>Mesaj\u0131n\u0131z<\/label>\r\n\t\t\t\t\t\t\t<div class=\"ufbl-form-field\">\r\n\t\t\t\t\t\t\t\t<textarea name=\"ufbl_field_5\" class=\"ufbl-form-textarea\" data-max-chars=\"\" data-min-chars=\"\" data-error-message=\"\" rows=\"5\" cols=\"10\" placeholder=\"\"><\/textarea>\r\n\t\t\t\t\t\t\t\t<div class=\"ufbl-error\"  data-error-key=\"ufbl_field_5\"><\/div>\r\n\t\t\t\t\t\t\t<\/div>\r\n\t\t\t\t\t\t<\/div>\r\n\t\t\t\t\t\t\t\t\t\t\t\t<div class=\"ufbl-form-field-wrap submit-class\" >\r\n\t\t\t\t\t\t\t<div class=\"ufbl-form-field\">\r\n\t\t\t\t\t\t\t\t<input type=\"submit\" class=\"ufbl-form-submit\" name=\"ufbl_field_3\" value=\"G\u00f6nder\"\/>\r\n\t\t\t\t\t\t\t\t\t\t\t\t\t\t\t\t<span class=\"ufbl-form-loader\" style=\"display:none\"><\/span>\r\n\t\t\t\t\t\t\t<\/div>\r\n\t\t\t\t\t\t<\/div>\r\n\t\t\t\t\t\t\t\t<div class=\"ufbl-form-message\" style=\"display: none;\"><\/div>\r\n\r\n\t\t\t<input type=\"hidden\" name=\"trp-form-language\" value=\"en\"\/><\/form>\r\n\r\n<\/div>\r\n\r\n\n\n\n\n<div style=\"height:100px\" aria-hidden=\"true\" class=\"wp-block-spacer\"><\/div>\n\n\n\n<hr class=\"wp-block-separator\"\/>\n\n\n\n<h1>\u0130stinye University Bah\u00e7e\u015fehir Liv Hospital <\/h1>\n\n\n\n<p>Call Center<br><a href=\"tel:4446623\">444 6 623<\/a><\/p>\n\n\n\n<h2 class=\"has-medium-font-size\">Adres<\/h2>\n\n\n\n<p><a href=\"https:\/\/www.google.com\/maps\/dir\/\/A%C5%9F%C4%B1k+Veysel+Mah,+S%C3%BCleyman+Demirel+Cd.+No:1,+34517+Esenyurt%2F%C4%B0stanbul\/@41.0563135,28.5893809,12z\/data=!4m8!4m7!1m0!1m5!1m1!1s0x14b558a0ec45b47d:0x7d20f9384168951f!2m2!1d28.6717817!2d41.0563428?entry=ttu\">A\u015f\u0131k Veysel Mah, S\u00fcleyman Demirel Cd. No:1, 34517 Esenyurt\/\u0130stanbul<\/a><\/p>\n\n\n\n<hr class=\"wp-block-separator\"\/>\n\n\n\n<h2 class=\"has-huge-font-size\">Yol Tarifi<\/h2>\n\n\n\n<iframe src=\"https:\/\/www.google.com\/maps\/embed?pb=!1m18!1m12!1m3!1d3008.580684064665!2d28.670654701098357!3d41.0562979926801!2m3!1f0!2f0!3f0!3m2!1i1024!2i768!4f13.1!3m3!1m2!1s0x14b558a0ec45b47d%3A0x7d20f9384168951f!2s%C4%B0stinye%20%C3%9Cniversite%20Hastanesi!5e0!3m2!1str!2sar!4v1639624769898!5m2!1str!2sar\" width=\"600\" height=\"450\" style=\"border:0;\" allowfullscreen=\"\" loading=\"lazy\"><\/iframe>\n\n\n\n<hr class=\"wp-block-separator\"\/>","protected":false},"excerpt":{"rendered":"<p>\u0130stinye \u00dcniversitesi Bah\u00e7e\u015fehir Liv Hospital Call Center444 6 623 Adres A\u015f\u0131k Veysel Mah, S\u00fcleyman Demirel Cd. No:1, 34517 Esenyurt\/\u0130stanbul Yol Tarifi<\/p>","protected":false},"author":1,"featured_media":744,"parent":0,"menu_order":0,"comment_status":"closed","ping_status":"closed","template":"","meta":[],"yoast_head":"<!-- This site is optimized with the Yoast SEO plugin v19.4 - https:\/\/yoast.com\/wordpress\/plugins\/seo\/ -->\n<title>Bana Ula\u015f\u0131n - Prof. Dr. Mehmet Ta\u015fdemir<\/title>\n<meta name=\"description\" content=\"Nefroloji uzman\u0131 Do\u00e7. Dr. Mehmet Ta\u015fdemir adres, telefon numaras\u0131, yol tarifi gibi ula\u015f\u0131m bilgilerini i\u00e7eren web sayfas\u0131.\" \/>\n<meta name=\"robots\" content=\"index, follow, max-snippet:-1, max-image-preview:large, max-video-preview:-1\" \/>\n<link rel=\"canonical\" href=\"https:\/\/drmehmettasdemir.com\/en\/iletisim\/\" \/>\n<meta property=\"og:locale\" content=\"en_GB\" \/>\n<meta property=\"og:type\" content=\"article\" \/>\n<meta property=\"og:title\" content=\"Bana Ula\u015f\u0131n - Prof. Dr. Mehmet Ta\u015fdemir\" \/>\n<meta property=\"og:description\" content=\"Nefroloji uzman\u0131 Do\u00e7. Dr. Mehmet Ta\u015fdemir adres, telefon numaras\u0131, yol tarifi gibi ula\u015f\u0131m bilgilerini i\u00e7eren web sayfas\u0131.\" \/>\n<meta property=\"og:url\" content=\"https:\/\/drmehmettasdemir.com\/en\/iletisim\/\" \/>\n<meta property=\"og:site_name\" content=\"Prof. Dr. Mehmet Ta\u015fdemir\" \/>\n<meta property=\"article:modified_time\" content=\"2024-02-06T20:54:40+00:00\" \/>\n<meta property=\"og:image\" content=\"https:\/\/drmehmettasdemir.com\/wp-content\/uploads\/2021\/04\/profil-circle.png\" \/>\n\t<meta property=\"og:image:width\" content=\"792\" \/>\n\t<meta property=\"og:image:height\" content=\"792\" \/>\n\t<meta property=\"og:image:type\" content=\"image\/png\" \/>\n<meta name=\"twitter:card\" content=\"summary_large_image\" \/>\n<meta name=\"twitter:site\" content=\"@drmtsdmr\" \/>\n<meta name=\"twitter:label1\" content=\"Estimated reading time\" \/>\n\t<meta name=\"twitter:data1\" content=\"1 minute\" \/>\n<script type=\"application\/ld+json\" class=\"yoast-schema-graph\">{\"@context\":\"https:\/\/schema.org\",\"@graph\":[{\"@type\":[\"Person\",\"Organization\"],\"@id\":\"https:\/\/drmehmettasdemir.com\/#\/schema\/person\/15ea05f5e389d073c1e827e5d80522b2\",\"name\":\"Mehmet Ta\u015fdemir\",\"image\":{\"@type\":\"ImageObject\",\"inLanguage\":\"en-GB\",\"@id\":\"https:\/\/drmehmettasdemir.com\/#\/schema\/person\/image\/\",\"url\":\"https:\/\/drmehmettasdemir.com\/wp-content\/uploads\/2021\/04\/iletisim-profil.png\",\"contentUrl\":\"https:\/\/drmehmettasdemir.com\/wp-content\/uploads\/2021\/04\/iletisim-profil.png\",\"width\":792,\"height\":1056,\"caption\":\"Mehmet Ta\u015fdemir\"},\"logo\":{\"@id\":\"https:\/\/drmehmettasdemir.com\/#\/schema\/person\/image\/\"},\"sameAs\":[\"https:\/\/drmehmettasdemir.com\/\",\"https:\/\/www.instagram.com\/doc.dr.mehmettasdemir\/?hl=tr\",\"http:\/\/www.linkedin.com\/in\/mehmet-ta\u015fdemir-79b07255\",\"https:\/\/twitter.com\/@drmtsdmr\"]},{\"@type\":\"WebSite\",\"@id\":\"https:\/\/drmehmettasdemir.com\/#website\",\"url\":\"https:\/\/drmehmettasdemir.com\/\",\"name\":\"Prof. Dr. Mehmet Ta\u015fdemir\",\"description\":\"\u00c7ocuk Nefrolojisi - \u00c7ocuk Sa\u011fl\u0131\u011f\u0131 ve Hastal\u0131klar\u0131 (Pediatri)\",\"publisher\":{\"@id\":\"https:\/\/drmehmettasdemir.com\/#\/schema\/person\/15ea05f5e389d073c1e827e5d80522b2\"},\"potentialAction\":[{\"@type\":\"SearchAction\",\"target\":{\"@type\":\"EntryPoint\",\"urlTemplate\":\"https:\/\/drmehmettasdemir.com\/?s={search_term_string}\"},\"query-input\":\"required name=search_term_string\"}],\"inLanguage\":\"en-GB\"},{\"@type\":[\"WebPage\",\"ContactPage\"],\"@id\":\"https:\/\/drmehmettasdemir.com\/iletisim\/\",\"url\":\"https:\/\/drmehmettasdemir.com\/iletisim\/\",\"name\":\"Bana Ula\u015f\u0131n - Prof. Dr. Mehmet Ta\u015fdemir\",\"isPartOf\":{\"@id\":\"https:\/\/drmehmettasdemir.com\/#website\"},\"datePublished\":\"2021-02-27T09:32:31+00:00\",\"dateModified\":\"2024-02-06T20:54:40+00:00\",\"description\":\"Nefroloji uzman\u0131 Do\u00e7. Dr. Mehmet Ta\u015fdemir adres, telefon numaras\u0131, yol tarifi gibi ula\u015f\u0131m bilgilerini i\u00e7eren web sayfas\u0131.\",\"breadcrumb\":{\"@id\":\"https:\/\/drmehmettasdemir.com\/iletisim\/#breadcrumb\"},\"inLanguage\":\"en-GB\",\"potentialAction\":[{\"@type\":\"ReadAction\",\"target\":[\"https:\/\/drmehmettasdemir.com\/iletisim\/\"]}]},{\"@type\":\"BreadcrumbList\",\"@id\":\"https:\/\/drmehmettasdemir.com\/iletisim\/#breadcrumb\",\"itemListElement\":[{\"@type\":\"ListItem\",\"position\":1,\"name\":\"Anasayfa\",\"item\":\"https:\/\/drmehmettasdemir.com\/\"},{\"@type\":\"ListItem\",\"position\":2,\"name\":\"Bana Ula\u015f\u0131n\"}]}]}<\/script>\n<!-- \/ Yoast SEO plugin. -->","yoast_head_json":{"title":"Bana Ula\u015f\u0131n - Prof. Dr. Mehmet Ta\u015fdemir","description":"Nefroloji uzman\u0131 Do\u00e7. Dr. Mehmet Ta\u015fdemir adres, telefon numaras\u0131, yol tarifi gibi ula\u015f\u0131m bilgilerini i\u00e7eren web sayfas\u0131.","robots":{"index":"index","follow":"follow","max-snippet":"max-snippet:-1","max-image-preview":"max-image-preview:large","max-video-preview":"max-video-preview:-1"},"canonical":"https:\/\/drmehmettasdemir.com\/en\/iletisim\/","og_locale":"en_GB","og_type":"article","og_title":"Bana Ula\u015f\u0131n - Prof. Dr. Mehmet Ta\u015fdemir","og_description":"Nefroloji uzman\u0131 Do\u00e7. Dr. Mehmet Ta\u015fdemir adres, telefon numaras\u0131, yol tarifi gibi ula\u015f\u0131m bilgilerini i\u00e7eren web sayfas\u0131.","og_url":"https:\/\/drmehmettasdemir.com\/en\/iletisim\/","og_site_name":"Prof. Dr. Mehmet Ta\u015fdemir","article_modified_time":"2024-02-06T20:54:40+00:00","og_image":[{"width":792,"height":792,"url":"https:\/\/drmehmettasdemir.com\/wp-content\/uploads\/2021\/04\/profil-circle.png","type":"image\/png"}],"twitter_card":"summary_large_image","twitter_site":"@drmtsdmr","twitter_misc":{"Estimated reading time":"1 minute"},"schema":{"@context":"https:\/\/schema.org","@graph":[{"@type":["Person","Organization"],"@id":"https:\/\/drmehmettasdemir.com\/#\/schema\/person\/15ea05f5e389d073c1e827e5d80522b2","name":"Mehmet Ta\u015fdemir","image":{"@type":"ImageObject","inLanguage":"en-GB","@id":"https:\/\/drmehmettasdemir.com\/#\/schema\/person\/image\/","url":"https:\/\/drmehmettasdemir.com\/wp-content\/uploads\/2021\/04\/iletisim-profil.png","contentUrl":"https:\/\/drmehmettasdemir.com\/wp-content\/uploads\/2021\/04\/iletisim-profil.png","width":792,"height":1056,"caption":"Mehmet Ta\u015fdemir"},"logo":{"@id":"https:\/\/drmehmettasdemir.com\/#\/schema\/person\/image\/"},"sameAs":["https:\/\/drmehmettasdemir.com\/","https:\/\/www.instagram.com\/doc.dr.mehmettasdemir\/?hl=tr","http:\/\/www.linkedin.com\/in\/mehmet-ta\u015fdemir-79b07255","https:\/\/twitter.com\/@drmtsdmr"]},{"@type":"WebSite","@id":"https:\/\/drmehmettasdemir.com\/#website","url":"https:\/\/drmehmettasdemir.com\/","name":"Prof. Dr. Mehmet Ta\u015fdemir","description":"\u00c7ocuk Nefrolojisi - \u00c7ocuk Sa\u011fl\u0131\u011f\u0131 ve Hastal\u0131klar\u0131 (Pediatri)","publisher":{"@id":"https:\/\/drmehmettasdemir.com\/#\/schema\/person\/15ea05f5e389d073c1e827e5d80522b2"},"potentialAction":[{"@type":"SearchAction","target":{"@type":"EntryPoint","urlTemplate":"https:\/\/drmehmettasdemir.com\/?s={search_term_string}"},"query-input":"required name=search_term_string"}],"inLanguage":"en-GB"},{"@type":["WebPage","ContactPage"],"@id":"https:\/\/drmehmettasdemir.com\/iletisim\/","url":"https:\/\/drmehmettasdemir.com\/iletisim\/","name":"Bana Ula\u015f\u0131n - Prof. Dr. Mehmet Ta\u015fdemir","isPartOf":{"@id":"https:\/\/drmehmettasdemir.com\/#website"},"datePublished":"2021-02-27T09:32:31+00:00","dateModified":"2024-02-06T20:54:40+00:00","description":"Nefroloji uzman\u0131 Do\u00e7. Dr. Mehmet Ta\u015fdemir adres, telefon numaras\u0131, yol tarifi gibi ula\u015f\u0131m bilgilerini i\u00e7eren web sayfas\u0131.","breadcrumb":{"@id":"https:\/\/drmehmettasdemir.com\/iletisim\/#breadcrumb"},"inLanguage":"en-GB","potentialAction":[{"@type":"ReadAction","target":["https:\/\/drmehmettasdemir.com\/iletisim\/"]}]},{"@type":"BreadcrumbList","@id":"https:\/\/drmehmettasdemir.com\/iletisim\/#breadcrumb","itemListElement":[{"@type":"ListItem","position":1,"name":"Anasayfa","item":"https:\/\/drmehmettasdemir.com\/"},{"@type":"ListItem","position":2,"name":"Bana Ula\u015f\u0131n"}]}]}},"_links":{"self":[{"href":"https:\/\/drmehmettasdemir.com\/en\/wp-json\/wp\/v2\/pages\/28"}],"collection":[{"href":"https:\/\/drmehmettasdemir.com\/en\/wp-json\/wp\/v2\/pages"}],"about":[{"href":"https:\/\/drmehmettasdemir.com\/en\/wp-json\/wp\/v2\/types\/page"}],"author":[{"embeddable":true,"href":"https:\/\/drmehmettasdemir.com\/en\/wp-json\/wp\/v2\/users\/1"}],"replies":[{"embeddable":true,"href":"https:\/\/drmehmettasdemir.com\/en\/wp-json\/wp\/v2\/comments?post=28"}],"version-history":[{"count":32,"href":"https:\/\/drmehmettasdemir.com\/en\/wp-json\/wp\/v2\/pages\/28\/revisions"}],"predecessor-version":[{"id":1106,"href":"https:\/\/drmehmettasdemir.com\/en\/wp-json\/wp\/v2\/pages\/28\/revisions\/1106"}],"wp:featuredmedia":[{"embeddable":true,"href":"https:\/\/drmehmettasdemir.com\/en\/wp-json\/wp\/v2\/media\/744"}],"wp:attachment":[{"href":"https:\/\/drmehmettasdemir.com\/en\/wp-json\/wp\/v2\/media?parent=28"}],"curies":[{"name":"wp","href":"https:\/\/api.w.org\/{rel}","templated":true}]}}