{"id":24,"date":"2021-02-27T09:32:12","date_gmt":"2021-02-27T09:32:12","guid":{"rendered":"http:\/\/drmehmettasdemir.com\/?page_id=24"},"modified":"2022-03-23T18:32:58","modified_gmt":"2022-03-23T18:32:58","slug":"bildiriler","status":"publish","type":"page","link":"https:\/\/drmehmettasdemir.com\/en\/bildiriler\/","title":{"rendered":"Presentations"},"content":{"rendered":"<ul class=\"egitim\"><li>S. A. BAKKALO\u011eLU, Y. \u00d6. AT\u0130KEL, E. LEVENTO\u011eLU, H. NAL\u00c7ACIO\u011eLU, \u0130. DURSUN, M. H. POYRAZO\u011eLU, H. DURSUN, Z. Y. YILDIRIM, N. YILDIZ, G. KAYA AKSOY, S. AKMAN, M. TA\u015eDEM\u0130R, \u0130. B\u0130LGE, M. \u00c7ELAKIL, B. DEM\u0130RC\u0130O\u011eLU KILI\u00c7, \u015e. Z. SEL\u00c7UK, N. CANPOLAT, E. K. \u00c7AKICI, S. G. \u00d6ZL\u00dc, S. T\u00dcLPAR, S. Y\u00dcKSEL, B. ATMI\u015e, S. S\u00dcRMEL\u0130 D\u00d6VEN, S. TANER, P. ERTAN, A. KAVAZ TUFAN, M. TORUN BAYRAM, M. KALYONCU, K. G\u00dcLLERO\u011eLU, C. KABASAKAL, S. C. KABASAKAL, B. KASAP DEM\u0130R, R. Y. \u00c7. \u00d6KS\u00dcZ, O. D\u00d6NMEZ, A. KARA, \u00d6. YAVA\u015eCAN, G. \u00d6Z\u00c7EL\u0130K, D. GEZG\u0130N YILDIRIM, M. A. G\u00dcLER, F. S\u00d6NMEZ, R. TOPALO\u011eLU &amp; H. ALPAY, COVID-19 IN PEDIATRIC NEPHROLOGY CENTERS IN TURKEY, Poster Sunumu, 53rd Annual Scientific Meeting of the European Society for Paediatric Nephrology, 16 Eyl\u00fcl 2021, 19 Eyl\u00fcl 2021, 36, 3417 &#8211; 3418.<\/li><li>E. LEVENTO\u011eLU, Y. \u00d6. AT\u0130KEL, H. NAL\u00c7ACIO\u011eLU, \u0130. DURSUN, H. DURSUN, Z. Y. YILDIRIM, N. YILDIZ, G. KAYA AKSOY, M. TA\u015eDEM\u0130R, M. \u00c7ELAKIL, B. DEM\u0130RC\u0130O\u011eLU KILI\u00c7, \u015e. Z. SEL\u00c7UK, N. CANPOLAT, E. KARGIN \u00c7AKICI, S. G. \u00d6ZL\u00dc, S. T\u00dcLPAR, S. Y\u00dcKSEL, B. ATMI\u015e, S. S\u00dcRMEL\u0130 D\u00d6VEN, S. TANER, P. ERTAN, A. KAVAZ TUFAN, M. TORUN BAYRAM, M. KALYONCU, K. G\u00dcLLERO\u011eLU, S. C. KABASAKAL, B. KASAP DEM\u0130R, R. Y. \u00c7. \u00d6KS\u00dcZ, \u0130. B\u0130LGE, O. D\u00d6NMEZ, A. KARA, \u00d6. YAVA\u015eCAN, G. \u00d6Z\u00c7EL\u0130K, D. GEZG\u0130N YILDIRIM, M. A. G\u00dcLER, F. S\u00d6NMEZ, R. TOPALO\u011eLU, H. ALPAY &amp; S. A. BAKKALO\u011eLU, T\u00dcRK\u0130YE&#8217;DE \u00c7OCUK NEFROLOJ\u0130 MERKEZLER\u0130NDE COVID-19, S\u00f6zl\u00fc Sunum, 11. ULUSLARARASI KATILIMLI \u00c7OCUK NEFROLOJ\u0130 E-KONGRES\u0130, 04 Eyl\u00fcl 2021, 05 Eyl\u00fcl 2021.<\/li><li>R. G. YE\u015e\u0130LTEPE MUTLU, M. TA\u015eDEM\u0130R, N. U. KIZILKAN, E. Y\u00dcCEL, T. GURAN, \u015e. HATUN, H. KAYSER\u0130L\u0130 KARABEY &amp; \u0130. B\u0130LGE, A Rare Cause of Chronic Hyponatremia in an Infant: Aldosterone Synthase Type-2 Deficiency, Poster Sunumu, 51st Annual Meeting of European Society for Paediatric Nephrology, 03 Ekim 2018, 06 Ekim 2018.<\/li><li>B. KASAP DEM\u0130R, M. TA\u015eDEM\u0130R, D. \u00d6. HACIHAMD\u0130O\u011eLU, \u0130. G\u0130R\u0130\u015eGEN, H. DURSUN, M. \u00c7\u0130V\u0130L\u0130BAL, M. BENZER, N. K. BIYIKLI, E. N. \u00d6ZKAYIN &amp; F. S\u00d6NMEZ, Approaches of pediatric nephrologists to hypertensive patients in Turkey (Turkish Pediatric Hypertension Working Group Study), Poster Sunumu, 51st Annual Meeting of European Society for Paediatric Nephrology, 03 Ekim 2018, 06 Ekim 2018.<\/li><li>S. A. BAKKALO\u011eLU EZG\u00dc, B. B\u00dcY\u00dcKKARAG\u00d6Z, S. K. SAYGILI, E. \u00c7OMAK, Z. N. Y\u00dcR\u00dcK YILDIRIM, N. AKINCI, A. K. BAYAZIT, A. KAVAZ TUFAN, S. AKMAN, A. YILMAZ, \u0130. DURSUN, Z. A. NOYAN, A. A\u011eBA\u015e, E. SERDARO\u011eLU, A. DEL\u0130BA\u015e, A. M. ELMACI, M. TA\u015eDEM\u0130R &amp; F. L. SEVER, Evaluation of patients with primary Hyperoxaluriatype 1: a multicenter study, Poster Sunumu, 51st Annual Meeting of European Society for Paediatric Nephrology, 03 Ekim 2018, 06 Ekim 2018.<\/li><li>N. CANPOLAT, S. K. SAYGILI, I. KILI\u00c7ASLAN, M. TA\u015eDEM\u0130R, A. A\u011eBA\u015e, R. Y. \u00c7\u0130\u00c7EK, \u0130. ASLAN, S. \u00c7ALI\u015eKAN &amp; F. L. SEVER, Long-term use of calcineurin inhibitors in difficult-to-treat nephrotic syndrome, Poster Sunumu, 51st Annual Meeting of European Society for Paediatric Nephrology, 03 Ekim 2018, 06 Ekim 2018.<\/li><li>M. C. B\u00dcLB\u00dcL, M. TA\u015eDEM\u0130R, S. ERASLAN, S. OCAK, H. KAYSER\u0130L\u0130 KARABEY &amp; \u0130. B\u0130LGE, Polycystic Kidney Disease (PKD) Of Early Childhood Due To PKD1\/TSC2 Contiguous Gene Deletion Syndrome, PKD With Tuberous Sclerosis Complex, Poster Sunumu, 51st Annual Meeting of European Society for Paediatric Nephrology, 03 Ekim 2018, 06 Ekim 2018.<\/li><li>M. TA\u015eDEM\u0130R, N. CANPOLAT, N. YILDIZ, G. \u00d6Z\u00c7EL\u0130K, M. BENZER, S. K. SAYGILI, E. N. \u00d6ZKAYIN, \u00d6. N. T\u00dcRKKAN, A. BALAT, C. CANDAN, M. E. \u00c7ELAKIL, S. YAVUZ, N. AKINCI, N. G\u00d6KNAR, C. AKG\u00dcN, S. T\u00dcLPAR, H. ALPAY, F. L. SEVER &amp; \u0130. B\u0130LGE, Rituximab treatment for difficult-to-treat nephrotic syndrome in children: A multicenter study, Poster Sunumu, 51st Annual Meeting of European Society for Paediatric Nephrology, 03 Ekim 2018, 06 Ekim 2018.<\/li><li>M. TA\u015eDEM\u0130R, N. CANPOLAT, N. YILDIZ, G. \u00d6Z\u00c7EL\u0130K, M. BENZER, S. K. SAYGILI, E. N. \u00d6ZKAYIN, \u00d6. N. T\u00dcRKKAN, A. BALAT, C. CANDAN, M. \u00c7ELAKIL, S. YAVUZ, N. AKINCI, N. G\u00d6KNAR, C. AKG\u00dcN, S. TULPAR, H. ALPAY, F. L. SEVER &amp; \u0130. B\u0130LGE, Rituximab treatment for difficult-to-treat nephrotic syndrome in children: a multicenter study, Poster Sunumu, 51st Annual Meeting of European Society for Paediatric Nephrology, 03 Ekim 2018, 06 Ekim 2018.<\/li><li>M. TA\u015eDEM\u0130R, Periton diyalizi uygulanan \u00e7ocuklarda malnutrisyon, beslenme ve egzersiz, Davetli Konu\u015fmac\u0131, Marmara \u00c7ocuk Periton Diyalizinde G\u00fcncellemeler Sempozyumu, 07 Eyl\u00fcl 2018, 07 Eyl\u00fcl 2018.<\/li><li>M. TA\u015eDEM\u0130R &amp; A. B\u00dcLB\u00dcL, Premat\u00fcre Yenido\u011fanlarda PICC (Peripherally Inserted Central Catheter) Kullan\u0131m\u0131nda Heparinin Etkinli\u011fi ve Komplikasyonlara Katk\u0131s\u0131, S\u00f6zl\u00fc Sunum, Bahar Pediatri G\u00fcnleri, 02 Mart 2018, 03 Mart 2018.<\/li><li>A. A\u011eBA\u015e, N. AKINCI, Z. N. Y\u00dcR\u00dcK YILDIRIM, M. TA\u015eDEM\u0130R, M. BENZER, \u0130. G\u00d6K\u00c7E, C. CANDAN, N. K\u00dc\u00c7\u00dcK &amp; S. \u00c7ALI\u015eKAN, A\u011fustos-Aral\u0131k 2015?de \u0130stanbul?da Ya\u015fanan H\u00dcS Salg\u0131n\u0131 ve Eculizumab Kullan\u0131m\u0131, S\u00f6zl\u00fc Sunum, 9. Ulusal \u00c7ocuk Nefroloji Kongresi, 24 Kas\u0131m 2016, 27 Kas\u0131m 2017.<\/li><li>M. TA\u015eDEM\u0130R, Bir idrar analizinden \u00f6\u011frendiklerimiz, Davetli Konu\u015fmac\u0131, II. Bilimsel Sysmex Sempozyumu, 23 Ekim 2017, 24 Ekim 2017.<\/li><li>M. A. \u00d6ZEN, G. G\u00dcNDO\u011eDU, M. TA\u015eDEM\u0130R, \u0130. B\u0130LGE &amp; E. ERO\u011eLU, \u00c7ocuklarda n\u00f6rojenik olmayan alt \u00fcriner sistem disfonksiyonlar\u0131nda semptomlar\u0131n ve \u00fcroflov-elektromyografi bulgular\u0131n\u0131n de\u011ferlendirilmesi, S\u00f6zl\u00fc Sunum, VIII. Ulusal Pediatrik \u00dcroloji Kongresi, 25 May\u0131s 2017, 28 May\u0131s 2017.<\/li><li>E. \u00c7OBANO\u011eLU, M. TA\u015eDEM\u0130R, M. A. \u00d6ZEN, G. G\u00dcNDO\u011eDU, Z. F. BABA, E. ERO\u011eLU &amp; \u0130. B\u0130LGE, Hemat\u00fcriye neden olan ilgin\u00e7 birliktelik: Posterior \u00fcretral valv ve IgA Nefriti, Poster Sunumu, 9. Ulusal \u00c7ocuk Nefroloji Kongresi, 24 Kas\u0131m 2016, 27 Kas\u0131m 2016.<\/li><li>M. TA\u015eDEM\u0130R, Nefroloji E\u011fitimi ?S\u00f6z Gen\u00e7 Nefrologlarda? Anket Sonu\u00e7lar\u0131, Davetli Konu\u015fmac\u0131, 9. Ulusal \u00c7ocuk Nefroloji Kongresi, 24 Kas\u0131m 2016, 27 Kas\u0131m 2016.<\/li><li>M. TA\u015eDEM\u0130R, \u0130drar Yolu Enfeksiyonlar\u0131 ve Reflu da G\u00fcncelleme Olgu \u00f6rnekleri, Davetli Konu\u015fmac\u0131, \u00c7ocuk Nefroloji Derne\u011fi S\u00fcrekli E\u011fitim Program\u0131: 2016 G\u00fcncellemeler, 08 Eyl\u00fcl 2016, 09 Eyl\u00fcl 2016.<\/li><li>M. TA\u015eDEM\u0130R, D. FU\u00c7UCUO\u011eLU, S. H. K\u00dc\u00c7\u00dcK, M. EROL, \u00d6. Y\u0130\u011e\u0130T, M. T\u00dcKEN &amp; S. \u00c7ALI\u015eKAN, NAG, KIM-1 and NGAL levels for determining of renal tubular injury in children with urolithiasis, Poster Sunumu, 48th Annual Scientific Meeting of the European Society for Pediatric Nephrology, 03 Eyl\u00fcl 2015, 05 Eyl\u00fcl 2015.<\/li><li>M. TA\u015eDEM\u0130R, C. POLAT, \u00d6. Y\u0130\u011e\u0130T, A. DEDE, T. TOTOZ &amp; \u00d6. B. GAYRET, Fakt\u00f6r H Eksikli\u011fine Ba\u011fl\u0131 Atipik Hemolitik \u00dcremik Sendrom Olgusu, Poster Sunumu, 3. \u00c7ocuk Dostlar\u0131 Kongresi, 02 Nisan 2015, 04 Nisan 2015.<\/li><li>M. TA\u015eDEM\u0130R, D. FU\u00c7UCUO\u011eLU, \u00d6. Y\u0130\u011e\u0130T, M. \u00d6NC\u00dc &amp; F. L. SEVER, Nefrolithiazisin nadir bir nedeni: Silika ta\u015f\u0131, Poster Sunumu, 8. Ulusal \u00c7ocuk Nefroloji Kongresi, 29 Ekim 2014, 01 Kas\u0131m 2014.<\/li><li>N. CANPOLAT, F. L. SEVER, M. TA\u015eDEM\u0130R, G. PEHL\u0130VAN, R. Y. \u00c7. \u00d6KS\u00dcZ &amp; S. \u00c7ALI\u015eKAN, Uzun S\u00fcre Periton Diyalizi Uygulanan \u00c7ocuklarda Lipid Bozukluklar\u0131, Poster Sunumu, 8.Ulusal \u00c7ocuk Nefroloji Kongresi, 29 Ekim 2014, 01 Kas\u0131m 2014.<\/li><li>M. TA\u015eDEM\u0130R, M. TIRA\u015e, \u00d6. Y\u0130\u011e\u0130T &amp; S. \u00c7ALI\u015eKAN, \u0130\u015feme Bozukluklar\u0131 Olan \u00c7ocuklar\u0131 Uygun \u015eekilde De\u011ferlendiriyor muyuz?, Poster Sunumu, 8. Ulusal \u00c7ocuk Nefroloji Kongresi, 29 Ekim 2014, 01 Kas\u0131m 2014.<\/li><li>M. TA\u015eDEM\u0130R, \u00c7ocuklarda kronik b\u00f6brek yetmezli\u011fi etyolojisi, Davetli Konu\u015fmac\u0131, 24. Ulusal B\u00f6brek Hastal\u0131klar\u0131 Diyaliz ve Transplantasyon Hem\u015fireli\u011fi Kongresi, 22 Ekim 2014, 26 Ekim 2014.<\/li><li>H. KAYA, M. TA\u015eDEM\u0130R, Z. A. TA\u015eDEM\u0130R, M. EROL, P. BULUT, M. \u00d6NC\u00dc, \u00d6. Y\u0130\u011e\u0130T &amp; H. NAR\u0130N, B\u00f6brekte nekroz ile seyreden \u00fcriner sistem t\u00fcberk\u00fclozu, S\u00f6zl\u00fc Sunum, 50. T\u00fcrk Pediatri Kongresi, 26 May\u0131s 2014, 30 May\u0131s 2014.<\/li><li>F. L. SEVER, M. TA\u015eDEM\u0130R, D. KONUKO\u011eLU, N. CANPOLAT, \u00c7. TA\u015e &amp; S. \u00c7ALI\u015eKAN, Fibroblast growth factor 23 (FGF23) and its association with parathyroid hormone (PTH), and phosphate (P) levels in chronic kidney disease (CKD) 1-3?, Poster Sunumu, The Sixteenth Congress of the International Pediatric Nephrology Association, 30 A\u011fustos 2013, 03 Eyl\u00fcl 2013.<\/li><li>N. CANPOLAT, F. L. SEVER, T. CELKAN, M. TA\u015eDEM\u0130R, A. KESER &amp; S. \u00c7ALI\u015eKAN, Enoxaparin dosing in pediatric hemodialysis patients, Poster Sunumu, 50th ERA-EDTA Congress, 18 May\u0131s 2013, 21 May\u0131s 2013.<\/li><li>N. CANPOLAT, S. \u00c7ALI\u015eKAN, M. K. ACAR, \u015e. PEHL\u0130VAN, M. TA\u015eDEM\u0130R &amp; F. L. SEVER, Glucose tolerance and insulin resistance after renal transplantation in children and adolescents, Poster Sunumu, 50th ERA-EDTA Congress, 18 May\u0131s 2013, 21 May\u0131s 2013.<\/li><li>M. TA\u015eDEM\u0130R, N. CANPOLAT, S. \u00c7ALI\u015eKAN, G. PEHL\u0130VAN &amp; F. L. SEVER, Hypertension in children with chronic kidney disease stage 2, Poster Sunumu, 50th ERA-EDTA Congress, 18 May\u0131s 2013, 21 May\u0131s 2013.<\/li><li>M. TA\u015eDEM\u0130R, A. A\u011eBA\u015e, B. \u00d6NAL, Y. ABUSAMRA, N. CANPOLAT, S. \u00c7ALI\u015eKAN &amp; F. L. SEVER, \u00dcriner Sistem T\u00fcberk\u00fclozu, S\u00f6zl\u00fc Sunum, \u00c7ocuk Nefrolojisi Olgu Panay\u0131r\u0131, 01 Mart 2013, 02 Mart 2013.<\/li><li>M. TA\u015eDEM\u0130R, A. G. ERO\u011eLU, N. CANPOLAT, S. \u00c7ALI\u015eKAN, A. A\u011eBA\u015e, M. D. SEV\u0130M &amp; F. L. SEVER, Diastolic Dysfunction in Children with Stage 2 Chronic Kidney Disease, Poster Sunumu, 45th Annual Meeting of European Society for Paediatric Nephrology, 06 Eyl\u00fcl 2012, 08 Eyl\u00fcl 2012.<\/li><li>N. CANPOLAT, M. TA\u015eDEM\u0130R, F. L. SEVER, A. A\u011eBA\u015e, M. KUCUR, G. PEHL\u0130VAN &amp; S. \u00c7ALI\u015eKAN, Malnutrition-Inflammation-Atherosclerosis Complex in children undergoing chronic dialysis, S\u00f6zl\u00fc Sunum, 45th Annual Meeting of the European Society for Pediatric Nephrology (ESPN), 06 Eyl\u00fcl 2012, 08 Eyl\u00fcl 2012, 27, 9, 1607 &#8211; 1607.<\/li><li>N. CANPOLAT, \u00d6. KASAP\u00c7OPUR, S. \u00c7ALI\u015eKAN, S. G\u00d6KALP, M. BOR, M. TA\u015eDEM\u0130R, F. L. SEVER &amp; N. ARISOY, Subclinical cardiovascular abnormalities in patients with juvenile systemic lupus erythematosus, S\u00f6zl\u00fc Sunum, 18th Pediatric Rheumatology European Society (PReS) Congress, 14 Eyl\u00fcl 2011, 18 Eyl\u00fcl 2011, 9, 1.<\/li><li>M. TA\u015eDEM\u0130R, S. \u00d6KTEM, E. ERDEM, F. KARAKO\u00c7, B. T. KARADA\u011e &amp; R. ERSU, Klini\u011fimizde \u0130zlenen Kistik Fibrozisli Hastalar\u0131m\u0131z\u0131n \u00d6zellikleri, S\u00f6zl\u00fc Sunum, 5. Ulusal \u00c7ocuk Solunum Yolu Hastal\u0131klar\u0131 Kongresi, 04 May\u0131s 2008, 06 May\u0131s 2008.<\/li><\/ul>","protected":false},"excerpt":{"rendered":"<p>S. A. BAKKALO\u011eLU, Y. \u00d6. AT\u0130KEL, E. LEVENTO\u011eLU, H. NAL\u00c7ACIO\u011eLU, \u0130. DURSUN, M. H. POYRAZO\u011eLU, H. DURSUN, Z. Y. YILDIRIM, N. YILDIZ, G. KAYA AKSOY, S. AKMAN, M. TA\u015eDEM\u0130R, \u0130. B\u0130LGE, M. \u00c7ELAKIL, B. DEM\u0130RC\u0130O\u011eLU KILI\u00c7, \u015e. Z. SEL\u00c7UK, N. CANPOLAT, E. K. \u00c7AKICI, S. G. \u00d6ZL\u00dc, S. T\u00dcLPAR, S. Y\u00dcKSEL, B. ATMI\u015e, S. S\u00dcRMEL\u0130 [&hellip;]<\/p>","protected":false},"author":1,"featured_media":744,"parent":0,"menu_order":0,"comment_status":"closed","ping_status":"closed","template":"","meta":[],"yoast_head":"<!-- This site is optimized with the Yoast SEO plugin v19.4 - https:\/\/yoast.com\/wordpress\/plugins\/seo\/ -->\n<title>Bildiriler - Prof. Dr. Mehmet Ta\u015fdemir - \u00c7ocuk Nefrolojisi Uzman\u0131<\/title>\n<meta name=\"description\" content=\"\u00c7ocuk Nefrolojisi Uzman\u0131 Do\u00e7. Dr. Mehmet Ta\u015fdemir&#039;in ulusal ve uluslararas\u0131 toplant\u0131lar\u0131n\u0131, s\u00f6zel bildirilerini ve poster sunumlar\u0131n\u0131 listeleyen sayfa.\" \/>\n<meta name=\"robots\" content=\"index, follow, max-snippet:-1, max-image-preview:large, max-video-preview:-1\" \/>\n<link rel=\"canonical\" href=\"https:\/\/drmehmettasdemir.com\/en\/bildiriler\/\" \/>\n<meta property=\"og:locale\" content=\"en_GB\" \/>\n<meta property=\"og:type\" content=\"article\" \/>\n<meta property=\"og:title\" content=\"Bildiriler - Prof. Dr. Mehmet Ta\u015fdemir - \u00c7ocuk Nefrolojisi Uzman\u0131\" \/>\n<meta property=\"og:description\" content=\"\u00c7ocuk Nefrolojisi Uzman\u0131 Do\u00e7. Dr. Mehmet Ta\u015fdemir&#039;in ulusal ve uluslararas\u0131 toplant\u0131lar\u0131n\u0131, s\u00f6zel bildirilerini ve poster sunumlar\u0131n\u0131 listeleyen sayfa.\" \/>\n<meta property=\"og:url\" content=\"https:\/\/drmehmettasdemir.com\/en\/bildiriler\/\" \/>\n<meta property=\"og:site_name\" content=\"Prof. Dr. Mehmet Ta\u015fdemir\" \/>\n<meta property=\"article:modified_time\" content=\"2022-03-23T18:32:58+00:00\" \/>\n<meta property=\"og:image\" content=\"https:\/\/drmehmettasdemir.com\/wp-content\/uploads\/2021\/04\/profil-circle.png\" \/>\n\t<meta property=\"og:image:width\" content=\"792\" \/>\n\t<meta property=\"og:image:height\" content=\"792\" \/>\n\t<meta property=\"og:image:type\" content=\"image\/png\" \/>\n<meta name=\"twitter:card\" content=\"summary_large_image\" \/>\n<meta name=\"twitter:site\" content=\"@drmtsdmr\" \/>\n<script type=\"application\/ld+json\" class=\"yoast-schema-graph\">{\"@context\":\"https:\/\/schema.org\",\"@graph\":[{\"@type\":[\"Person\",\"Organization\"],\"@id\":\"https:\/\/drmehmettasdemir.com\/#\/schema\/person\/15ea05f5e389d073c1e827e5d80522b2\",\"name\":\"Mehmet Ta\u015fdemir\",\"image\":{\"@type\":\"ImageObject\",\"inLanguage\":\"en-GB\",\"@id\":\"https:\/\/drmehmettasdemir.com\/#\/schema\/person\/image\/\",\"url\":\"https:\/\/drmehmettasdemir.com\/wp-content\/uploads\/2021\/04\/iletisim-profil.png\",\"contentUrl\":\"https:\/\/drmehmettasdemir.com\/wp-content\/uploads\/2021\/04\/iletisim-profil.png\",\"width\":792,\"height\":1056,\"caption\":\"Mehmet Ta\u015fdemir\"},\"logo\":{\"@id\":\"https:\/\/drmehmettasdemir.com\/#\/schema\/person\/image\/\"},\"sameAs\":[\"https:\/\/drmehmettasdemir.com\/\",\"https:\/\/www.instagram.com\/doc.dr.mehmettasdemir\/?hl=tr\",\"http:\/\/www.linkedin.com\/in\/mehmet-ta\u015fdemir-79b07255\",\"https:\/\/twitter.com\/@drmtsdmr\"]},{\"@type\":\"WebSite\",\"@id\":\"https:\/\/drmehmettasdemir.com\/#website\",\"url\":\"https:\/\/drmehmettasdemir.com\/\",\"name\":\"Prof. Dr. Mehmet Ta\u015fdemir\",\"description\":\"\u00c7ocuk Nefrolojisi - \u00c7ocuk Sa\u011fl\u0131\u011f\u0131 ve Hastal\u0131klar\u0131 (Pediatri)\",\"publisher\":{\"@id\":\"https:\/\/drmehmettasdemir.com\/#\/schema\/person\/15ea05f5e389d073c1e827e5d80522b2\"},\"potentialAction\":[{\"@type\":\"SearchAction\",\"target\":{\"@type\":\"EntryPoint\",\"urlTemplate\":\"https:\/\/drmehmettasdemir.com\/?s={search_term_string}\"},\"query-input\":\"required name=search_term_string\"}],\"inLanguage\":\"en-GB\"},{\"@type\":\"WebPage\",\"@id\":\"https:\/\/drmehmettasdemir.com\/bildiriler\/\",\"url\":\"https:\/\/drmehmettasdemir.com\/bildiriler\/\",\"name\":\"Bildiriler - Prof. Dr. Mehmet Ta\u015fdemir - \u00c7ocuk Nefrolojisi Uzman\u0131\",\"isPartOf\":{\"@id\":\"https:\/\/drmehmettasdemir.com\/#website\"},\"datePublished\":\"2021-02-27T09:32:12+00:00\",\"dateModified\":\"2022-03-23T18:32:58+00:00\",\"description\":\"\u00c7ocuk Nefrolojisi Uzman\u0131 Do\u00e7. Dr. Mehmet Ta\u015fdemir'in ulusal ve uluslararas\u0131 toplant\u0131lar\u0131n\u0131, s\u00f6zel bildirilerini ve poster sunumlar\u0131n\u0131 listeleyen sayfa.\",\"breadcrumb\":{\"@id\":\"https:\/\/drmehmettasdemir.com\/bildiriler\/#breadcrumb\"},\"inLanguage\":\"en-GB\",\"potentialAction\":[{\"@type\":\"ReadAction\",\"target\":[\"https:\/\/drmehmettasdemir.com\/bildiriler\/\"]}]},{\"@type\":\"BreadcrumbList\",\"@id\":\"https:\/\/drmehmettasdemir.com\/bildiriler\/#breadcrumb\",\"itemListElement\":[{\"@type\":\"ListItem\",\"position\":1,\"name\":\"Anasayfa\",\"item\":\"https:\/\/drmehmettasdemir.com\/\"},{\"@type\":\"ListItem\",\"position\":2,\"name\":\"Bildiriler\"}]}]}<\/script>\n<!-- \/ Yoast SEO plugin. -->","yoast_head_json":{"title":"Bildiriler - Prof. Dr. Mehmet Ta\u015fdemir - \u00c7ocuk Nefrolojisi Uzman\u0131","description":"\u00c7ocuk Nefrolojisi Uzman\u0131 Do\u00e7. Dr. Mehmet Ta\u015fdemir'in ulusal ve uluslararas\u0131 toplant\u0131lar\u0131n\u0131, s\u00f6zel bildirilerini ve poster sunumlar\u0131n\u0131 listeleyen sayfa.","robots":{"index":"index","follow":"follow","max-snippet":"max-snippet:-1","max-image-preview":"max-image-preview:large","max-video-preview":"max-video-preview:-1"},"canonical":"https:\/\/drmehmettasdemir.com\/en\/bildiriler\/","og_locale":"en_GB","og_type":"article","og_title":"Bildiriler - Prof. Dr. Mehmet Ta\u015fdemir - \u00c7ocuk Nefrolojisi Uzman\u0131","og_description":"\u00c7ocuk Nefrolojisi Uzman\u0131 Do\u00e7. Dr. Mehmet Ta\u015fdemir'in ulusal ve uluslararas\u0131 toplant\u0131lar\u0131n\u0131, s\u00f6zel bildirilerini ve poster sunumlar\u0131n\u0131 listeleyen sayfa.","og_url":"https:\/\/drmehmettasdemir.com\/en\/bildiriler\/","og_site_name":"Prof. Dr. Mehmet Ta\u015fdemir","article_modified_time":"2022-03-23T18:32:58+00:00","og_image":[{"width":792,"height":792,"url":"https:\/\/drmehmettasdemir.com\/wp-content\/uploads\/2021\/04\/profil-circle.png","type":"image\/png"}],"twitter_card":"summary_large_image","twitter_site":"@drmtsdmr","schema":{"@context":"https:\/\/schema.org","@graph":[{"@type":["Person","Organization"],"@id":"https:\/\/drmehmettasdemir.com\/#\/schema\/person\/15ea05f5e389d073c1e827e5d80522b2","name":"Mehmet Ta\u015fdemir","image":{"@type":"ImageObject","inLanguage":"en-GB","@id":"https:\/\/drmehmettasdemir.com\/#\/schema\/person\/image\/","url":"https:\/\/drmehmettasdemir.com\/wp-content\/uploads\/2021\/04\/iletisim-profil.png","contentUrl":"https:\/\/drmehmettasdemir.com\/wp-content\/uploads\/2021\/04\/iletisim-profil.png","width":792,"height":1056,"caption":"Mehmet Ta\u015fdemir"},"logo":{"@id":"https:\/\/drmehmettasdemir.com\/#\/schema\/person\/image\/"},"sameAs":["https:\/\/drmehmettasdemir.com\/","https:\/\/www.instagram.com\/doc.dr.mehmettasdemir\/?hl=tr","http:\/\/www.linkedin.com\/in\/mehmet-ta\u015fdemir-79b07255","https:\/\/twitter.com\/@drmtsdmr"]},{"@type":"WebSite","@id":"https:\/\/drmehmettasdemir.com\/#website","url":"https:\/\/drmehmettasdemir.com\/","name":"Prof. Dr. Mehmet Ta\u015fdemir","description":"\u00c7ocuk Nefrolojisi - \u00c7ocuk Sa\u011fl\u0131\u011f\u0131 ve Hastal\u0131klar\u0131 (Pediatri)","publisher":{"@id":"https:\/\/drmehmettasdemir.com\/#\/schema\/person\/15ea05f5e389d073c1e827e5d80522b2"},"potentialAction":[{"@type":"SearchAction","target":{"@type":"EntryPoint","urlTemplate":"https:\/\/drmehmettasdemir.com\/?s={search_term_string}"},"query-input":"required name=search_term_string"}],"inLanguage":"en-GB"},{"@type":"WebPage","@id":"https:\/\/drmehmettasdemir.com\/bildiriler\/","url":"https:\/\/drmehmettasdemir.com\/bildiriler\/","name":"Bildiriler - Prof. Dr. Mehmet Ta\u015fdemir - \u00c7ocuk Nefrolojisi Uzman\u0131","isPartOf":{"@id":"https:\/\/drmehmettasdemir.com\/#website"},"datePublished":"2021-02-27T09:32:12+00:00","dateModified":"2022-03-23T18:32:58+00:00","description":"\u00c7ocuk Nefrolojisi Uzman\u0131 Do\u00e7. Dr. Mehmet Ta\u015fdemir'in ulusal ve uluslararas\u0131 toplant\u0131lar\u0131n\u0131, s\u00f6zel bildirilerini ve poster sunumlar\u0131n\u0131 listeleyen sayfa.","breadcrumb":{"@id":"https:\/\/drmehmettasdemir.com\/bildiriler\/#breadcrumb"},"inLanguage":"en-GB","potentialAction":[{"@type":"ReadAction","target":["https:\/\/drmehmettasdemir.com\/bildiriler\/"]}]},{"@type":"BreadcrumbList","@id":"https:\/\/drmehmettasdemir.com\/bildiriler\/#breadcrumb","itemListElement":[{"@type":"ListItem","position":1,"name":"Anasayfa","item":"https:\/\/drmehmettasdemir.com\/"},{"@type":"ListItem","position":2,"name":"Bildiriler"}]}]}},"_links":{"self":[{"href":"https:\/\/drmehmettasdemir.com\/en\/wp-json\/wp\/v2\/pages\/24"}],"collection":[{"href":"https:\/\/drmehmettasdemir.com\/en\/wp-json\/wp\/v2\/pages"}],"about":[{"href":"https:\/\/drmehmettasdemir.com\/en\/wp-json\/wp\/v2\/types\/page"}],"author":[{"embeddable":true,"href":"https:\/\/drmehmettasdemir.com\/en\/wp-json\/wp\/v2\/users\/1"}],"replies":[{"embeddable":true,"href":"https:\/\/drmehmettasdemir.com\/en\/wp-json\/wp\/v2\/comments?post=24"}],"version-history":[{"count":8,"href":"https:\/\/drmehmettasdemir.com\/en\/wp-json\/wp\/v2\/pages\/24\/revisions"}],"predecessor-version":[{"id":984,"href":"https:\/\/drmehmettasdemir.com\/en\/wp-json\/wp\/v2\/pages\/24\/revisions\/984"}],"wp:featuredmedia":[{"embeddable":true,"href":"https:\/\/drmehmettasdemir.com\/en\/wp-json\/wp\/v2\/media\/744"}],"wp:attachment":[{"href":"https:\/\/drmehmettasdemir.com\/en\/wp-json\/wp\/v2\/media?parent=24"}],"curies":[{"name":"wp","href":"https:\/\/api.w.org\/{rel}","templated":true}]}}