{"id":199,"date":"2021-02-27T15:40:45","date_gmt":"2021-02-27T15:40:45","guid":{"rendered":"https:\/\/drmehmettasdemir.com\/?page_id=199"},"modified":"2021-04-04T05:57:40","modified_gmt":"2021-04-04T05:57:40","slug":"bana-ulasin","status":"publish","type":"page","link":"https:\/\/drmehmettasdemir.com\/en\/iletisim\/bana-ulasin\/","title":{"rendered":"Bana Ula\u015f\u0131n"},"content":{"rendered":"<p>A\u015fa\u011f\u0131daki form ile sorular\u0131n\u0131z\u0131 veya s\u00f6ylemek istediklerinizi bana g\u00f6nderebilirsiniz. Elimden geldi\u011fince en k\u0131sa zamanda cevap verece\u011fim. <\/p>","protected":false},"excerpt":{"rendered":"<p>A\u015fa\u011f\u0131daki form ile sorular\u0131n\u0131z\u0131 veya s\u00f6ylemek istediklerinizi bana g\u00f6nderebilirsiniz. Elimden geldi\u011fince en k\u0131sa zamanda cevap verece\u011fim.<\/p>","protected":false},"author":1,"featured_media":219,"parent":28,"menu_order":0,"comment_status":"closed","ping_status":"closed","template":"","meta":[],"yoast_head":"<!-- This site is optimized with the Yoast SEO plugin v19.4 - https:\/\/yoast.com\/wordpress\/plugins\/seo\/ -->\n<title>Bana Ula\u015f\u0131n - Prof. Dr. Mehmet Ta\u015fdemir<\/title>\n<meta name=\"robots\" content=\"index, follow, max-snippet:-1, max-image-preview:large, max-video-preview:-1\" \/>\n<link rel=\"canonical\" href=\"https:\/\/drmehmettasdemir.com\/en\/iletisim\/bana-ulasin\/\" \/>\n<meta property=\"og:locale\" content=\"en_GB\" \/>\n<meta property=\"og:type\" content=\"article\" \/>\n<meta property=\"og:title\" content=\"Bana Ula\u015f\u0131n - Prof. Dr. Mehmet Ta\u015fdemir\" \/>\n<meta property=\"og:description\" content=\"A\u015fa\u011f\u0131daki form ile sorular\u0131n\u0131z\u0131 veya s\u00f6ylemek istediklerinizi bana g\u00f6nderebilirsiniz. Elimden geldi\u011fince en k\u0131sa zamanda cevap verece\u011fim.\" \/>\n<meta property=\"og:url\" content=\"https:\/\/drmehmettasdemir.com\/en\/iletisim\/bana-ulasin\/\" \/>\n<meta property=\"og:site_name\" content=\"Prof. Dr. Mehmet Ta\u015fdemir\" \/>\n<meta property=\"article:modified_time\" content=\"2021-04-04T05:57:40+00:00\" \/>\n<meta property=\"og:image\" content=\"https:\/\/drmehmettasdemir.com\/wp-content\/uploads\/2021\/02\/B73FBC33-E141-4FB0-81AC-9284CED5AC4A.jpeg\" \/>\n\t<meta property=\"og:image:width\" content=\"1800\" \/>\n\t<meta property=\"og:image:height\" content=\"1200\" \/>\n\t<meta property=\"og:image:type\" content=\"image\/jpeg\" \/>\n<meta name=\"twitter:card\" content=\"summary_large_image\" \/>\n<meta name=\"twitter:site\" content=\"@drmtsdmr\" \/>\n<script type=\"application\/ld+json\" class=\"yoast-schema-graph\">{\"@context\":\"https:\/\/schema.org\",\"@graph\":[{\"@type\":[\"Person\",\"Organization\"],\"@id\":\"https:\/\/drmehmettasdemir.com\/#\/schema\/person\/15ea05f5e389d073c1e827e5d80522b2\",\"name\":\"Mehmet Ta\u015fdemir\",\"image\":{\"@type\":\"ImageObject\",\"inLanguage\":\"en-GB\",\"@id\":\"https:\/\/drmehmettasdemir.com\/#\/schema\/person\/image\/\",\"url\":\"https:\/\/drmehmettasdemir.com\/wp-content\/uploads\/2021\/04\/iletisim-profil.png\",\"contentUrl\":\"https:\/\/drmehmettasdemir.com\/wp-content\/uploads\/2021\/04\/iletisim-profil.png\",\"width\":792,\"height\":1056,\"caption\":\"Mehmet Ta\u015fdemir\"},\"logo\":{\"@id\":\"https:\/\/drmehmettasdemir.com\/#\/schema\/person\/image\/\"},\"sameAs\":[\"https:\/\/drmehmettasdemir.com\/\",\"https:\/\/www.instagram.com\/doc.dr.mehmettasdemir\/?hl=tr\",\"http:\/\/www.linkedin.com\/in\/mehmet-ta\u015fdemir-79b07255\",\"https:\/\/twitter.com\/@drmtsdmr\"]},{\"@type\":\"WebSite\",\"@id\":\"https:\/\/drmehmettasdemir.com\/#website\",\"url\":\"https:\/\/drmehmettasdemir.com\/\",\"name\":\"Prof. Dr. Mehmet Ta\u015fdemir\",\"description\":\"\u00c7ocuk Nefrolojisi - \u00c7ocuk Sa\u011fl\u0131\u011f\u0131 ve Hastal\u0131klar\u0131 (Pediatri)\",\"publisher\":{\"@id\":\"https:\/\/drmehmettasdemir.com\/#\/schema\/person\/15ea05f5e389d073c1e827e5d80522b2\"},\"potentialAction\":[{\"@type\":\"SearchAction\",\"target\":{\"@type\":\"EntryPoint\",\"urlTemplate\":\"https:\/\/drmehmettasdemir.com\/?s={search_term_string}\"},\"query-input\":\"required name=search_term_string\"}],\"inLanguage\":\"en-GB\"},{\"@type\":\"WebPage\",\"@id\":\"https:\/\/drmehmettasdemir.com\/iletisim\/bana-ulasin\/\",\"url\":\"https:\/\/drmehmettasdemir.com\/iletisim\/bana-ulasin\/\",\"name\":\"Bana Ula\u015f\u0131n - Prof. Dr. Mehmet Ta\u015fdemir\",\"isPartOf\":{\"@id\":\"https:\/\/drmehmettasdemir.com\/#website\"},\"datePublished\":\"2021-02-27T15:40:45+00:00\",\"dateModified\":\"2021-04-04T05:57:40+00:00\",\"breadcrumb\":{\"@id\":\"https:\/\/drmehmettasdemir.com\/iletisim\/bana-ulasin\/#breadcrumb\"},\"inLanguage\":\"en-GB\",\"potentialAction\":[{\"@type\":\"ReadAction\",\"target\":[\"https:\/\/drmehmettasdemir.com\/iletisim\/bana-ulasin\/\"]}]},{\"@type\":\"BreadcrumbList\",\"@id\":\"https:\/\/drmehmettasdemir.com\/iletisim\/bana-ulasin\/#breadcrumb\",\"itemListElement\":[{\"@type\":\"ListItem\",\"position\":1,\"name\":\"Anasayfa\",\"item\":\"https:\/\/drmehmettasdemir.com\/\"},{\"@type\":\"ListItem\",\"position\":2,\"name\":\"Bana Ula\u015f\u0131n\",\"item\":\"https:\/\/drmehmettasdemir.com\/iletisim\/\"},{\"@type\":\"ListItem\",\"position\":3,\"name\":\"Bana Ula\u015f\u0131n\"}]}]}<\/script>\n<!-- \/ Yoast SEO plugin. -->","yoast_head_json":{"title":"Bana Ula\u015f\u0131n - Prof. Dr. Mehmet Ta\u015fdemir","robots":{"index":"index","follow":"follow","max-snippet":"max-snippet:-1","max-image-preview":"max-image-preview:large","max-video-preview":"max-video-preview:-1"},"canonical":"https:\/\/drmehmettasdemir.com\/en\/iletisim\/bana-ulasin\/","og_locale":"en_GB","og_type":"article","og_title":"Bana Ula\u015f\u0131n - Prof. Dr. Mehmet Ta\u015fdemir","og_description":"A\u015fa\u011f\u0131daki form ile sorular\u0131n\u0131z\u0131 veya s\u00f6ylemek istediklerinizi bana g\u00f6nderebilirsiniz. Elimden geldi\u011fince en k\u0131sa zamanda cevap verece\u011fim.","og_url":"https:\/\/drmehmettasdemir.com\/en\/iletisim\/bana-ulasin\/","og_site_name":"Prof. Dr. Mehmet Ta\u015fdemir","article_modified_time":"2021-04-04T05:57:40+00:00","og_image":[{"width":1800,"height":1200,"url":"https:\/\/drmehmettasdemir.com\/wp-content\/uploads\/2021\/02\/B73FBC33-E141-4FB0-81AC-9284CED5AC4A.jpeg","type":"image\/jpeg"}],"twitter_card":"summary_large_image","twitter_site":"@drmtsdmr","schema":{"@context":"https:\/\/schema.org","@graph":[{"@type":["Person","Organization"],"@id":"https:\/\/drmehmettasdemir.com\/#\/schema\/person\/15ea05f5e389d073c1e827e5d80522b2","name":"Mehmet Ta\u015fdemir","image":{"@type":"ImageObject","inLanguage":"en-GB","@id":"https:\/\/drmehmettasdemir.com\/#\/schema\/person\/image\/","url":"https:\/\/drmehmettasdemir.com\/wp-content\/uploads\/2021\/04\/iletisim-profil.png","contentUrl":"https:\/\/drmehmettasdemir.com\/wp-content\/uploads\/2021\/04\/iletisim-profil.png","width":792,"height":1056,"caption":"Mehmet Ta\u015fdemir"},"logo":{"@id":"https:\/\/drmehmettasdemir.com\/#\/schema\/person\/image\/"},"sameAs":["https:\/\/drmehmettasdemir.com\/","https:\/\/www.instagram.com\/doc.dr.mehmettasdemir\/?hl=tr","http:\/\/www.linkedin.com\/in\/mehmet-ta\u015fdemir-79b07255","https:\/\/twitter.com\/@drmtsdmr"]},{"@type":"WebSite","@id":"https:\/\/drmehmettasdemir.com\/#website","url":"https:\/\/drmehmettasdemir.com\/","name":"Prof. Dr. Mehmet Ta\u015fdemir","description":"\u00c7ocuk Nefrolojisi - \u00c7ocuk Sa\u011fl\u0131\u011f\u0131 ve Hastal\u0131klar\u0131 (Pediatri)","publisher":{"@id":"https:\/\/drmehmettasdemir.com\/#\/schema\/person\/15ea05f5e389d073c1e827e5d80522b2"},"potentialAction":[{"@type":"SearchAction","target":{"@type":"EntryPoint","urlTemplate":"https:\/\/drmehmettasdemir.com\/?s={search_term_string}"},"query-input":"required name=search_term_string"}],"inLanguage":"en-GB"},{"@type":"WebPage","@id":"https:\/\/drmehmettasdemir.com\/iletisim\/bana-ulasin\/","url":"https:\/\/drmehmettasdemir.com\/iletisim\/bana-ulasin\/","name":"Bana Ula\u015f\u0131n - Prof. Dr. Mehmet Ta\u015fdemir","isPartOf":{"@id":"https:\/\/drmehmettasdemir.com\/#website"},"datePublished":"2021-02-27T15:40:45+00:00","dateModified":"2021-04-04T05:57:40+00:00","breadcrumb":{"@id":"https:\/\/drmehmettasdemir.com\/iletisim\/bana-ulasin\/#breadcrumb"},"inLanguage":"en-GB","potentialAction":[{"@type":"ReadAction","target":["https:\/\/drmehmettasdemir.com\/iletisim\/bana-ulasin\/"]}]},{"@type":"BreadcrumbList","@id":"https:\/\/drmehmettasdemir.com\/iletisim\/bana-ulasin\/#breadcrumb","itemListElement":[{"@type":"ListItem","position":1,"name":"Anasayfa","item":"https:\/\/drmehmettasdemir.com\/"},{"@type":"ListItem","position":2,"name":"Bana Ula\u015f\u0131n","item":"https:\/\/drmehmettasdemir.com\/iletisim\/"},{"@type":"ListItem","position":3,"name":"Bana Ula\u015f\u0131n"}]}]}},"_links":{"self":[{"href":"https:\/\/drmehmettasdemir.com\/en\/wp-json\/wp\/v2\/pages\/199"}],"collection":[{"href":"https:\/\/drmehmettasdemir.com\/en\/wp-json\/wp\/v2\/pages"}],"about":[{"href":"https:\/\/drmehmettasdemir.com\/en\/wp-json\/wp\/v2\/types\/page"}],"author":[{"embeddable":true,"href":"https:\/\/drmehmettasdemir.com\/en\/wp-json\/wp\/v2\/users\/1"}],"replies":[{"embeddable":true,"href":"https:\/\/drmehmettasdemir.com\/en\/wp-json\/wp\/v2\/comments?post=199"}],"version-history":[{"count":1,"href":"https:\/\/drmehmettasdemir.com\/en\/wp-json\/wp\/v2\/pages\/199\/revisions"}],"predecessor-version":[{"id":200,"href":"https:\/\/drmehmettasdemir.com\/en\/wp-json\/wp\/v2\/pages\/199\/revisions\/200"}],"up":[{"embeddable":true,"href":"https:\/\/drmehmettasdemir.com\/en\/wp-json\/wp\/v2\/pages\/28"}],"wp:featuredmedia":[{"embeddable":true,"href":"https:\/\/drmehmettasdemir.com\/en\/wp-json\/wp\/v2\/media\/219"}],"wp:attachment":[{"href":"https:\/\/drmehmettasdemir.com\/en\/wp-json\/wp\/v2\/media?parent=199"}],"curies":[{"name":"wp","href":"https:\/\/api.w.org\/{rel}","templated":true}]}}