{"id":10,"date":"2021-02-27T09:21:00","date_gmt":"2021-02-27T09:21:00","guid":{"rendered":"http:\/\/drmehmettasdemir.com\/?page_id=10"},"modified":"2025-04-12T09:09:45","modified_gmt":"2025-04-12T09:09:45","slug":"hakkimda","status":"publish","type":"page","link":"https:\/\/drmehmettasdemir.com\/en\/anasayfa\/hakkimda\/","title":{"rendered":"About me"},"content":{"rendered":"<figure class=\"wp-block-gallery alignleft columns-1 is-cropped\"><ul class=\"blocks-gallery-grid\"><li class=\"blocks-gallery-item\"><figure><img loading=\"lazy\" width=\"1024\" height=\"1010\" src=\"https:\/\/drmehmettasdemir.com\/wp-content\/uploads\/2025\/04\/Profile-photo-1024x1010.jpg\" alt=\"\" data-id=\"1209\" data-full-url=\"https:\/\/drmehmettasdemir.com\/wp-content\/uploads\/2025\/04\/Profile-photo.jpg\" data-link=\"https:\/\/drmehmettasdemir.com\/anasayfa\/hakkimda\/profile-photo\/\" class=\"wp-image-1209\" srcset=\"https:\/\/drmehmettasdemir.com\/wp-content\/uploads\/2025\/04\/Profile-photo-1024x1010.jpg 1024w, https:\/\/drmehmettasdemir.com\/wp-content\/uploads\/2025\/04\/Profile-photo-300x296.jpg 300w, https:\/\/drmehmettasdemir.com\/wp-content\/uploads\/2025\/04\/Profile-photo-768x757.jpg 768w, https:\/\/drmehmettasdemir.com\/wp-content\/uploads\/2025\/04\/Profile-photo-1536x1515.jpg 1536w, https:\/\/drmehmettasdemir.com\/wp-content\/uploads\/2025\/04\/Profile-photo-2048x2020.jpg 2048w, https:\/\/drmehmettasdemir.com\/wp-content\/uploads\/2025\/04\/Profile-photo-12x12.jpg 12w\" sizes=\"(max-width: 1024px) 100vw, 1024px\" \/><\/figure><\/li><\/ul><\/figure>\n\n\n\n<p class=\"has-medium-font-size\">Prof. Dr. Mehmet Ta\u015fdemir<\/p>\n\n\n\n<p>1977\u2019de I\u011fd\u0131r\u2019da do\u011fdu. 1998 y\u0131l\u0131nda Trakya \u00dcniversitesi T\u0131p Fak\u00fcltesi\u2019nden mezun olmu\u015ftur. 2009 y\u0131l\u0131nda T.C. Sa\u011fl\u0131k Bakanl\u0131\u011f\u0131 \u015ei\u015fli Etfal E\u011fitim ve Ara\u015ft\u0131rma Hastanesi\u2019nde \u00c7ocuk Sa\u011fl\u0131\u011f\u0131 ve Hastal\u0131klar\u0131 uzmanl\u0131k e\u011fitimini, 2013 y\u0131l\u0131nda \u0130stanbul \u00dcniversitesi Cerrahpa\u015fa T\u0131p Fak\u00fcltesi\u2019nde \u00c7ocuk Nefrolojisi yan dal ihtisas\u0131n\u0131 tamamlam\u0131\u015ft\u0131r. 2013\u20132015 y\u0131llar\u0131 aras\u0131nda Sa\u011fl\u0131k Bilimleri \u00dcniversitesi Ba\u011fc\u0131lar E\u011fitim ve Ara\u015ft\u0131rma Hastanesi\u2019nde g\u00f6rev yapm\u0131\u015f; bu s\u00fcre\u00e7te \u00e7ocuk nefrolojisi hizmetlerinin geli\u015fmesine ve asistan e\u011fitimine katk\u0131da bulunmu\u015ftur.<\/p>\n\n\n\n<p>2015 y\u0131l\u0131 Ekim ay\u0131nda Harvard T\u0131p Fak\u00fcltesi\u2019ne ba\u011fl\u0131 Boston Children\u2019s Hospital Nefroloji B\u00f6l\u00fcm\u00fc\u2019nde g\u00f6zlemci olarak bulunmu\u015f; Kas\u0131m 2015 \u2013 Nisan 2021 tarihleri aras\u0131nda Ko\u00e7 \u00dcniversitesi Hastanesi\u2019nde \u00e7al\u0131\u015fm\u0131\u015ft\u0131r. Bu s\u00fcre\u00e7te diyaliz ve nakil odakl\u0131 \u00e7ocuk nefrolojisi biriminin yap\u0131land\u0131r\u0131lmas\u0131na \u00f6nc\u00fcl\u00fck etmi\u015ftir. Temmuz 2021\u2019de \u0130stinye \u00dcniversitesi T\u0131p Fak\u00fcltesi\u2019ne kat\u0131lm\u0131\u015ft\u0131r. \u015eubat 2022 itibariyle \u0130stanbul \u00dcniversitesi \u0130stanbul T\u0131p Fak\u00fcltesi&#8217;nde \u201c\u00c7ocuklarda B\u00f6brek Nakli Ara\u015ft\u0131rmalar\u0131 Doktora Program\u0131\u201dna ba\u015flam\u0131\u015f olup halen devam etmektedir. 1 Eyl\u00fcl 2023\u2019ten itibaren \u0130stinye \u00dcniversitesi Bah\u00e7e\u015fehir Liv Hospital\u2019da g\u00f6rev yapmaktad\u0131r. 3 \u015eubat 2025 tarihinde <strong>Profes\u00f6r<\/strong> unvan\u0131n\u0131 alm\u0131\u015ft\u0131r.<\/p>\n\n\n\n<p>2019 y\u0131l\u0131nda <strong>T\u00fcrk \u00c7ocuk Nefrolojisi Derne\u011fi (TSPN) Yeterlilik S\u0131nav\u0131<\/strong>n\u0131 ve 2020 y\u0131l\u0131nda <strong>Avrupa \u00c7ocuk Nefrolojisi Derne\u011fi (ESPN) Board S\u0131nav\u0131<\/strong>n\u0131 ba\u015far\u0131yla tamamlam\u0131\u015ft\u0131r. Temmuz 2021\u2019de <strong>FESPN (Fellow of ESPN)<\/strong> unvan\u0131 ile \u00f6d\u00fcllendirilmi\u015ftir. 2019 Temmuz ay\u0131nda <strong>Do\u00e7ent<\/strong>, 2025 \u015eubat\u2019\u0131nda <strong>Profes\u00f6r<\/strong> olmu\u015ftur.<\/p>\n\n\n\n<p>Dr. Ta\u015fdemir; <strong>IPNA<\/strong>, <strong>ESPN<\/strong>, <strong>ERA-EDTA<\/strong>, <strong>T\u00fcrk Nefroloji Derne\u011fi<\/strong>, <strong>T\u00fcrk Pediatri Kurumu<\/strong> ve <strong>TSPN<\/strong> \u00fcyesidir. 2023\u2019ten bu yana <strong>TSPN<\/strong> ve <strong>ESPN<\/strong> nakil \u00e7al\u0131\u015fma gruplar\u0131nda aktif olarak g\u00f6rev almaktad\u0131r.<\/p>\n\n\n\n<p><strong>Klinik ilgi alanlar\u0131<\/strong> aras\u0131nda <strong>b\u00f6brek nakli ve diyaliz<\/strong>, <strong>glomer\u00fcler hastal\u0131klar<\/strong>, <strong>\u00e7ocukluk \u00e7a\u011f\u0131 hipertansiyonu<\/strong>, <strong>CAKUT<\/strong>, <strong>akut ve kronik b\u00f6brek hastal\u0131klar\u0131<\/strong> yer almaktad\u0131r.<\/p>\n\n\n\n<p><strong>Bilimsel ara\u015ft\u0131rmalar\u0131<\/strong> \u00f6zellikle <strong>\u00e7ocuklarda b\u00f6brek nakli<\/strong> \u00fczerine yo\u011funla\u015fmakta; ayr\u0131ca <strong>hipertansiyon ve kardiyovask\u00fcler etkiler<\/strong>, <strong>inflamasyon<\/strong>, <strong>nefrotik sendrom<\/strong> ve <strong>\u00fcriner sistemin yap\u0131sal ve fonksiyonel bozukluklar\u0131<\/strong> \u00fczerine \u00e7al\u0131\u015fmaktad\u0131r. 2020\u2019den bu yana <strong>CERTAIN<\/strong> adl\u0131 uluslararas\u0131 nakil ara\u015ft\u0131rma a\u011f\u0131na aktif ara\u015ft\u0131rmac\u0131 olarak kat\u0131lmaktad\u0131r.<\/p>\n\n\n\n<p class=\"has-medium-font-size\"><strong>The issues Dr. Ta\u015fdemir aims to assist his patients with (in summary):&nbsp;<\/strong><\/p>\n\n\n\n<ul class=\"has-black-color has-text-color\"><li>Urinary tract infection<\/li><li>Urinary incontinence<\/li><li>Hematuria or proteinuria<\/li><li>Cystic kidney diseases<\/li><li>Hypertension in children<\/li><li>Kidney stones <\/li><li>Congenital problems of the kidney and urinary tract (such as narrowing or excessive dilation in the pathways that facilitate urine flow, vesicoureteral reflux (backward flow of urine from the bladder to the kidney), dysplasia (abnormal kidney development), and bladder disorders).<\/li><li>Rapidly developing (acute) or long-standing (chronic) kidney failure.<\/li><li>In cases requiring dialysis and kidney transplantation, preparation for peritoneal dialysis, hemodialysis options, and kidney transplantation in coordination with an appropriate hospital and team.<\/li><li>Education and appropriate approaches for children with bladder (urinary bladder) diseases who require regular catheterization.<\/li><\/ul>\n\n\n\n<p>Dr. Ta\u015fdemir\u2019in bilimsel ara\u015ft\u0131rmalar\u0131 \u015fu alanlarda yo\u011funla\u015fm\u0131\u015ft\u0131r: b\u00f6brek nakli, kronik b\u00f6brek hastalar\u0131nda hipertansiyon\/kalp ve damar hastal\u0131klar\u0131, inflamasyon, nefrotik sendrom, \u00fcriner sistemin anatomik ve fonksiyonel sorunlar\u0131 (ta\u015f, posterior \u00fcretral valv, \u00fcriner&nbsp;inkontinans\u2026vb). \u00c7ocuk b\u00f6brek nakli konusunda d\u00fcnyadaki en \u00f6nemli kay\u0131t sistemlerinden CERTAIN (Cooperative European Paediatric Renal TransplAnt INitiative)\u2019da 2020\u2019den beri aktif ara\u015ft\u0131rmac\u0131 olarak yer almaktad\u0131r. Ulusal ve uluslararas\u0131 \u00e7ok say\u0131da \u00e7al\u0131\u015fmaya aktif olarak kat\u0131lm\u0131\u015ft\u0131r.&nbsp;<\/p>\n\n\n\n<ul class=\"egitim\"><li><strong>\u0130stinye University Bah\u00e7e\u015fehir Liv Hospital<\/strong>, Pediatric Nephrology, Pediatric Kidney Transplant Program, <em>09\/2023<\/em><\/li><li><strong>Liv Hospital Ulus<\/strong>, \u00c7ocuk Nefrolojisi,<em> 05\/2021-08\/ 2023<\/em><\/li><li>Doktora (PhD) program\u0131 <em>02\/2022<\/em><\/li><li><strong>\u0130stanbul \u00dcniversitesi \u0130stanbul T\u0131p Fak\u00fcltesi,<\/strong> \u00c7ocuklarda B\u00f6brek Nakli Ara\u015ft\u0131rmalar\u0131 Doktora Program\u0131<\/li><li><strong>\u0130stinye \u00dcniversitesi T\u0131p Fak\u00fcltesi<\/strong>, \u00d6\u011fretim \u00dcyesi, \u00c7ocuk Nefrolojisi <em>07\/20<\/em>21<\/li><li>FESPN (Fellow of European Society for Paediatric Nerphrology) \u00fcnvan\u0131 verildi <em>07\/2021<\/em><\/li><li><strong>Avrupa \u00c7ocuk Nefrolojisi Birli\u011fi (European Society for Paediatric Nerphrology) <\/strong><\/li><li>Yeterlilik (board) s\u0131nav\u0131nda ba\u015far\u0131 <em>11\/2020<\/em><\/li><li><strong>Avrupa \u00c7ocuk Nefrolojisi Birli\u011fi (European Societ<\/strong>y <strong>for Paediatric Nephrology)<\/strong><\/li><li>\u00c7ocuk Nefrolojisi Do\u00e7entli\u011fi <em>06\/2019<\/em><br><strong>Ko\u00e7 \u00dcniversitesi Hastanesi, \u0130stanbul<\/strong><\/li><li>\u00c7ocuk Nefrolojisi Yan Dal E\u011fitimi <em>04\/2013<\/em><br><strong>\u0130stanbul \u00dcniversitesi Cerrahpa\u015fa T\u0131p Fak\u00fcltesi, \u0130stanbul<\/strong><br>Eyl\u00fcl 2009 &#8211; Nisan 2013 (3 y\u0131l 8 ay)<\/li><li>\u00c7ocuk Sa\u011fl\u0131\u011f\u0131 Ve Hastal\u0131klar\u0131 Uzmanl\u0131k E\u011fitimi <em>09\/2009<\/em><br><strong>\u015ei\u015fli Etfal E\u011fitim ve Ara\u015ft\u0131rma Hastanesi, \u0130stanbul<\/strong><br>2004 &#8211; Eyl\u00fcl 2009 (5 y\u0131l 1 ay)<\/li><li>T\u0131p Doktorlu\u011fu <em>09\/2009<\/em><br><strong>Trakya \u00dcniversitesi T\u0131p Fak\u00fcltesi, Edirne<\/strong> <\/li><\/ul>","protected":false},"excerpt":{"rendered":"<p>Prof. Dr. Mehmet Ta\u015fdemir 1977\u2019de I\u011fd\u0131r\u2019da do\u011fdu. 1998 y\u0131l\u0131nda Trakya \u00dcniversitesi T\u0131p Fak\u00fcltesi\u2019nden mezun olmu\u015ftur. 2009 y\u0131l\u0131nda T.C. Sa\u011fl\u0131k Bakanl\u0131\u011f\u0131 \u015ei\u015fli Etfal E\u011fitim ve Ara\u015ft\u0131rma Hastanesi\u2019nde \u00c7ocuk Sa\u011fl\u0131\u011f\u0131 ve Hastal\u0131klar\u0131 uzmanl\u0131k e\u011fitimini, 2013 y\u0131l\u0131nda \u0130stanbul \u00dcniversitesi Cerrahpa\u015fa T\u0131p Fak\u00fcltesi\u2019nde \u00c7ocuk Nefrolojisi yan dal ihtisas\u0131n\u0131 tamamlam\u0131\u015ft\u0131r. 2013\u20132015 y\u0131llar\u0131 aras\u0131nda Sa\u011fl\u0131k Bilimleri \u00dcniversitesi Ba\u011fc\u0131lar E\u011fitim ve Ara\u015ft\u0131rma [&hellip;]<\/p>","protected":false},"author":1,"featured_media":1164,"parent":37,"menu_order":-21,"comment_status":"closed","ping_status":"closed","template":"","meta":[],"yoast_head":"<!-- This site is optimized with the Yoast SEO plugin v19.4 - https:\/\/yoast.com\/wordpress\/plugins\/seo\/ -->\n<title>Hakk\u0131mda - Prof. Dr. Mehmet Ta\u015fdemir - \u00c7ocuk Nefrolojisi Uzman\u0131<\/title>\n<meta name=\"description\" content=\"\u00c7ocuk Nefrolojisi Uzman\u0131 uzman\u0131, Prof. Dr. Mehmet Ta\u015fdemir hakk\u0131nda sayfas\u0131. Ald\u0131\u011f\u0131 e\u011fitim ve \u00e7al\u0131\u015fma deneyimi hakk\u0131nda bilgiler i\u00e7eren sayfa.\" \/>\n<meta name=\"robots\" content=\"index, follow, max-snippet:-1, max-image-preview:large, max-video-preview:-1\" \/>\n<link rel=\"canonical\" href=\"https:\/\/drmehmettasdemir.com\/en\/anasayfa\/hakkimda\/\" \/>\n<meta property=\"og:locale\" content=\"en_GB\" \/>\n<meta property=\"og:type\" content=\"article\" \/>\n<meta property=\"og:title\" content=\"Hakk\u0131mda - Prof. Dr. Mehmet Ta\u015fdemir - \u00c7ocuk Nefrolojisi Uzman\u0131\" \/>\n<meta property=\"og:description\" content=\"\u00c7ocuk Nefrolojisi Uzman\u0131 uzman\u0131, Prof. Dr. Mehmet Ta\u015fdemir hakk\u0131nda sayfas\u0131. Ald\u0131\u011f\u0131 e\u011fitim ve \u00e7al\u0131\u015fma deneyimi hakk\u0131nda bilgiler i\u00e7eren sayfa.\" \/>\n<meta property=\"og:url\" content=\"https:\/\/drmehmettasdemir.com\/en\/anasayfa\/hakkimda\/\" \/>\n<meta property=\"og:site_name\" content=\"Prof. Dr. Mehmet Ta\u015fdemir\" \/>\n<meta property=\"article:modified_time\" content=\"2025-04-12T09:09:45+00:00\" \/>\n<meta property=\"og:image\" content=\"https:\/\/drmehmettasdemir.com\/wp-content\/uploads\/2024\/12\/IMG_9145-scaled.jpg\" \/>\n\t<meta property=\"og:image:width\" content=\"1920\" \/>\n\t<meta property=\"og:image:height\" content=\"2560\" \/>\n\t<meta property=\"og:image:type\" content=\"image\/jpeg\" \/>\n<meta name=\"twitter:card\" content=\"summary_large_image\" \/>\n<meta name=\"twitter:site\" content=\"@drmtsdmr\" \/>\n<meta name=\"twitter:label1\" content=\"Estimated reading time\" \/>\n\t<meta name=\"twitter:data1\" content=\"4 minutes\" \/>\n<script type=\"application\/ld+json\" class=\"yoast-schema-graph\">{\"@context\":\"https:\/\/schema.org\",\"@graph\":[{\"@type\":[\"Person\",\"Organization\"],\"@id\":\"https:\/\/drmehmettasdemir.com\/#\/schema\/person\/15ea05f5e389d073c1e827e5d80522b2\",\"name\":\"Mehmet Ta\u015fdemir\",\"image\":{\"@type\":\"ImageObject\",\"inLanguage\":\"en-GB\",\"@id\":\"https:\/\/drmehmettasdemir.com\/#\/schema\/person\/image\/\",\"url\":\"https:\/\/drmehmettasdemir.com\/wp-content\/uploads\/2021\/04\/iletisim-profil.png\",\"contentUrl\":\"https:\/\/drmehmettasdemir.com\/wp-content\/uploads\/2021\/04\/iletisim-profil.png\",\"width\":792,\"height\":1056,\"caption\":\"Mehmet Ta\u015fdemir\"},\"logo\":{\"@id\":\"https:\/\/drmehmettasdemir.com\/#\/schema\/person\/image\/\"},\"sameAs\":[\"https:\/\/drmehmettasdemir.com\/\",\"https:\/\/www.instagram.com\/doc.dr.mehmettasdemir\/?hl=tr\",\"http:\/\/www.linkedin.com\/in\/mehmet-ta\u015fdemir-79b07255\",\"https:\/\/twitter.com\/@drmtsdmr\"]},{\"@type\":\"WebSite\",\"@id\":\"https:\/\/drmehmettasdemir.com\/#website\",\"url\":\"https:\/\/drmehmettasdemir.com\/\",\"name\":\"Prof. Dr. Mehmet Ta\u015fdemir\",\"description\":\"\u00c7ocuk Nefrolojisi - \u00c7ocuk Sa\u011fl\u0131\u011f\u0131 ve Hastal\u0131klar\u0131 (Pediatri)\",\"publisher\":{\"@id\":\"https:\/\/drmehmettasdemir.com\/#\/schema\/person\/15ea05f5e389d073c1e827e5d80522b2\"},\"potentialAction\":[{\"@type\":\"SearchAction\",\"target\":{\"@type\":\"EntryPoint\",\"urlTemplate\":\"https:\/\/drmehmettasdemir.com\/?s={search_term_string}\"},\"query-input\":\"required name=search_term_string\"}],\"inLanguage\":\"en-GB\"},{\"@type\":[\"WebPage\",\"AboutPage\"],\"@id\":\"https:\/\/drmehmettasdemir.com\/anasayfa\/hakkimda\/\",\"url\":\"https:\/\/drmehmettasdemir.com\/anasayfa\/hakkimda\/\",\"name\":\"Hakk\u0131mda - Prof. Dr. Mehmet Ta\u015fdemir - \u00c7ocuk Nefrolojisi Uzman\u0131\",\"isPartOf\":{\"@id\":\"https:\/\/drmehmettasdemir.com\/#website\"},\"datePublished\":\"2021-02-27T09:21:00+00:00\",\"dateModified\":\"2025-04-12T09:09:45+00:00\",\"description\":\"\u00c7ocuk Nefrolojisi Uzman\u0131 uzman\u0131, Prof. Dr. Mehmet Ta\u015fdemir hakk\u0131nda sayfas\u0131. Ald\u0131\u011f\u0131 e\u011fitim ve \u00e7al\u0131\u015fma deneyimi hakk\u0131nda bilgiler i\u00e7eren sayfa.\",\"breadcrumb\":{\"@id\":\"https:\/\/drmehmettasdemir.com\/anasayfa\/hakkimda\/#breadcrumb\"},\"inLanguage\":\"en-GB\",\"potentialAction\":[{\"@type\":\"ReadAction\",\"target\":[\"https:\/\/drmehmettasdemir.com\/anasayfa\/hakkimda\/\"]}]},{\"@type\":\"BreadcrumbList\",\"@id\":\"https:\/\/drmehmettasdemir.com\/anasayfa\/hakkimda\/#breadcrumb\",\"itemListElement\":[{\"@type\":\"ListItem\",\"position\":1,\"name\":\"Anasayfa\",\"item\":\"https:\/\/drmehmettasdemir.com\/\"},{\"@type\":\"ListItem\",\"position\":2,\"name\":\"Anasayfa\",\"item\":\"https:\/\/drmehmettasdemir.com\/\"},{\"@type\":\"ListItem\",\"position\":3,\"name\":\"Hakk\u0131mda\"}]}]}<\/script>\n<!-- \/ Yoast SEO plugin. -->","yoast_head_json":{"title":"Hakk\u0131mda - Prof. Dr. Mehmet Ta\u015fdemir - \u00c7ocuk Nefrolojisi Uzman\u0131","description":"\u00c7ocuk Nefrolojisi Uzman\u0131 uzman\u0131, Prof. Dr. Mehmet Ta\u015fdemir hakk\u0131nda sayfas\u0131. Ald\u0131\u011f\u0131 e\u011fitim ve \u00e7al\u0131\u015fma deneyimi hakk\u0131nda bilgiler i\u00e7eren sayfa.","robots":{"index":"index","follow":"follow","max-snippet":"max-snippet:-1","max-image-preview":"max-image-preview:large","max-video-preview":"max-video-preview:-1"},"canonical":"https:\/\/drmehmettasdemir.com\/en\/anasayfa\/hakkimda\/","og_locale":"en_GB","og_type":"article","og_title":"Hakk\u0131mda - Prof. Dr. Mehmet Ta\u015fdemir - \u00c7ocuk Nefrolojisi Uzman\u0131","og_description":"\u00c7ocuk Nefrolojisi Uzman\u0131 uzman\u0131, Prof. Dr. Mehmet Ta\u015fdemir hakk\u0131nda sayfas\u0131. Ald\u0131\u011f\u0131 e\u011fitim ve \u00e7al\u0131\u015fma deneyimi hakk\u0131nda bilgiler i\u00e7eren sayfa.","og_url":"https:\/\/drmehmettasdemir.com\/en\/anasayfa\/hakkimda\/","og_site_name":"Prof. Dr. Mehmet Ta\u015fdemir","article_modified_time":"2025-04-12T09:09:45+00:00","og_image":[{"width":1920,"height":2560,"url":"https:\/\/drmehmettasdemir.com\/wp-content\/uploads\/2024\/12\/IMG_9145-scaled.jpg","type":"image\/jpeg"}],"twitter_card":"summary_large_image","twitter_site":"@drmtsdmr","twitter_misc":{"Estimated reading time":"4 minutes"},"schema":{"@context":"https:\/\/schema.org","@graph":[{"@type":["Person","Organization"],"@id":"https:\/\/drmehmettasdemir.com\/#\/schema\/person\/15ea05f5e389d073c1e827e5d80522b2","name":"Mehmet Ta\u015fdemir","image":{"@type":"ImageObject","inLanguage":"en-GB","@id":"https:\/\/drmehmettasdemir.com\/#\/schema\/person\/image\/","url":"https:\/\/drmehmettasdemir.com\/wp-content\/uploads\/2021\/04\/iletisim-profil.png","contentUrl":"https:\/\/drmehmettasdemir.com\/wp-content\/uploads\/2021\/04\/iletisim-profil.png","width":792,"height":1056,"caption":"Mehmet Ta\u015fdemir"},"logo":{"@id":"https:\/\/drmehmettasdemir.com\/#\/schema\/person\/image\/"},"sameAs":["https:\/\/drmehmettasdemir.com\/","https:\/\/www.instagram.com\/doc.dr.mehmettasdemir\/?hl=tr","http:\/\/www.linkedin.com\/in\/mehmet-ta\u015fdemir-79b07255","https:\/\/twitter.com\/@drmtsdmr"]},{"@type":"WebSite","@id":"https:\/\/drmehmettasdemir.com\/#website","url":"https:\/\/drmehmettasdemir.com\/","name":"Prof. Dr. Mehmet Ta\u015fdemir","description":"\u00c7ocuk Nefrolojisi - \u00c7ocuk Sa\u011fl\u0131\u011f\u0131 ve Hastal\u0131klar\u0131 (Pediatri)","publisher":{"@id":"https:\/\/drmehmettasdemir.com\/#\/schema\/person\/15ea05f5e389d073c1e827e5d80522b2"},"potentialAction":[{"@type":"SearchAction","target":{"@type":"EntryPoint","urlTemplate":"https:\/\/drmehmettasdemir.com\/?s={search_term_string}"},"query-input":"required name=search_term_string"}],"inLanguage":"en-GB"},{"@type":["WebPage","AboutPage"],"@id":"https:\/\/drmehmettasdemir.com\/anasayfa\/hakkimda\/","url":"https:\/\/drmehmettasdemir.com\/anasayfa\/hakkimda\/","name":"Hakk\u0131mda - Prof. Dr. Mehmet Ta\u015fdemir - \u00c7ocuk Nefrolojisi Uzman\u0131","isPartOf":{"@id":"https:\/\/drmehmettasdemir.com\/#website"},"datePublished":"2021-02-27T09:21:00+00:00","dateModified":"2025-04-12T09:09:45+00:00","description":"\u00c7ocuk Nefrolojisi Uzman\u0131 uzman\u0131, Prof. Dr. Mehmet Ta\u015fdemir hakk\u0131nda sayfas\u0131. Ald\u0131\u011f\u0131 e\u011fitim ve \u00e7al\u0131\u015fma deneyimi hakk\u0131nda bilgiler i\u00e7eren sayfa.","breadcrumb":{"@id":"https:\/\/drmehmettasdemir.com\/anasayfa\/hakkimda\/#breadcrumb"},"inLanguage":"en-GB","potentialAction":[{"@type":"ReadAction","target":["https:\/\/drmehmettasdemir.com\/anasayfa\/hakkimda\/"]}]},{"@type":"BreadcrumbList","@id":"https:\/\/drmehmettasdemir.com\/anasayfa\/hakkimda\/#breadcrumb","itemListElement":[{"@type":"ListItem","position":1,"name":"Anasayfa","item":"https:\/\/drmehmettasdemir.com\/"},{"@type":"ListItem","position":2,"name":"Anasayfa","item":"https:\/\/drmehmettasdemir.com\/"},{"@type":"ListItem","position":3,"name":"Hakk\u0131mda"}]}]}},"_links":{"self":[{"href":"https:\/\/drmehmettasdemir.com\/en\/wp-json\/wp\/v2\/pages\/10"}],"collection":[{"href":"https:\/\/drmehmettasdemir.com\/en\/wp-json\/wp\/v2\/pages"}],"about":[{"href":"https:\/\/drmehmettasdemir.com\/en\/wp-json\/wp\/v2\/types\/page"}],"author":[{"embeddable":true,"href":"https:\/\/drmehmettasdemir.com\/en\/wp-json\/wp\/v2\/users\/1"}],"replies":[{"embeddable":true,"href":"https:\/\/drmehmettasdemir.com\/en\/wp-json\/wp\/v2\/comments?post=10"}],"version-history":[{"count":76,"href":"https:\/\/drmehmettasdemir.com\/en\/wp-json\/wp\/v2\/pages\/10\/revisions"}],"predecessor-version":[{"id":1210,"href":"https:\/\/drmehmettasdemir.com\/en\/wp-json\/wp\/v2\/pages\/10\/revisions\/1210"}],"up":[{"embeddable":true,"href":"https:\/\/drmehmettasdemir.com\/en\/wp-json\/wp\/v2\/pages\/37"}],"wp:featuredmedia":[{"embeddable":true,"href":"https:\/\/drmehmettasdemir.com\/en\/wp-json\/wp\/v2\/media\/1164"}],"wp:attachment":[{"href":"https:\/\/drmehmettasdemir.com\/en\/wp-json\/wp\/v2\/media?parent=10"}],"curies":[{"name":"wp","href":"https:\/\/api.w.org\/{rel}","templated":true}]}}